{"id":10223,"date":"2023-10-12T05:10:40","date_gmt":"2023-10-12T05:10:40","guid":{"rendered":"https:\/\/michaela-merk.com\/?page_id=10223"},"modified":"2025-02-20T13:57:38","modified_gmt":"2025-02-20T13:57:38","slug":"terms-conditions","status":"publish","type":"page","link":"https:\/\/michaela-merk.com\/fr\/terms-conditions\/","title":{"rendered":"Conditions g\u00e9n\u00e9rales d&#8217;utilisation"},"content":{"rendered":"\t\t<div data-elementor-type=\"wp-page\" data-elementor-id=\"10223\" class=\"elementor elementor-10223 elementor-536\" data-elementor-post-type=\"page\">\n\t\t\t\t<div class=\"elementor-element elementor-element-76a0393 e-flex e-con-boxed e-con e-parent\" data-id=\"76a0393\" data-element_type=\"container\" data-e-type=\"container\" data-settings=\"{&quot;background_background&quot;:&quot;classic&quot;}\">\n\t\t\t\t\t<div class=\"e-con-inner\">\n\t\t<div class=\"elementor-element elementor-element-70f4b8f e-con-full e-flex e-con e-child\" data-id=\"70f4b8f\" data-element_type=\"container\" data-e-type=\"container\">\n\t\t<div class=\"elementor-element elementor-element-d66033a e-con-full e-flex e-con e-child\" data-id=\"d66033a\" data-element_type=\"container\" data-e-type=\"container\">\n\t\t\t\t<\/div>\n\t\t\t\t<\/div>\n\t\t\t\t\t<\/div>\n\t\t\t\t<\/div>\n\t\t<div class=\"elementor-element elementor-element-d4b8457 e-flex e-con-boxed e-con e-parent\" data-id=\"d4b8457\" data-element_type=\"container\" data-e-type=\"container\" data-settings=\"{&quot;background_background&quot;:&quot;classic&quot;}\">\n\t\t\t\t\t<div class=\"e-con-inner\">\n\t\t<div class=\"elementor-element elementor-element-eb52579 e-con-full e-flex e-con e-child\" data-id=\"eb52579\" data-element_type=\"container\" data-e-type=\"container\">\n\t\t<div class=\"elementor-element elementor-element-aaf6585 e-flex e-con-boxed e-con e-child\" data-id=\"aaf6585\" data-element_type=\"container\" data-e-type=\"container\">\n\t\t\t\t\t<div class=\"e-con-inner\">\n\t\t\t\t<div class=\"elementor-element elementor-element-c414d3a elementor-widget elementor-widget-text-editor\" data-id=\"c414d3a\" data-element_type=\"widget\" data-e-type=\"widget\" data-widget_type=\"text-editor.default\">\n\t\t\t\t<div class=\"elementor-widget-container\">\n\t\t\t\t\t\t\t\t\t<h3><strong>Pr\u00e9ambule<\/strong><\/h3><p>Les pr\u00e9sentes conditions g\u00e9n\u00e9rales de vente s&#8217;appliquent aux services et aux prestations annexes fournis par la soci\u00e9t\u00e9 Merk Vision. A d\u00e9faut de contrat \u00e9crit sign\u00e9 par les deux parties, ces conditions constituent le seul accord entre elles relatif \u00e0 l&#8217;objet de la commande et pr\u00e9valent sur tout autre document. Dans l&#8217;hypoth\u00e8se o\u00f9 l&#8217;une des dispositions des pr\u00e9sentes serait r\u00e9put\u00e9e ou d\u00e9clar\u00e9e nulle ou non \u00e9crite, les autres dispositions garderont toute leur force et leur port\u00e9e.<\/p><h3><strong>Annulation et report \u00e0 l&#8217;initiative de merk vision<\/strong><\/h3><p>Annulation ou report par Merk Vision se r\u00e9serve le droit de reporter ou d&#8217;annuler un service. Merk Vision en informe le client dans les plus brefs d\u00e9lais. Aucune indemnit\u00e9 ne sera vers\u00e9e au client en raison d&#8217;un report ou d&#8217;une initiative de Merk Vision. Merk Vision a le droit d&#8217;annuler un coaching ou un appel 1:1 si, pendant le coaching ou l&#8217;appel, le client utilise un langage abusif, viole la vie priv\u00e9e des collaborateurs de Merk Vision ou porte atteinte \u00e0 la pudeur. Dans ce cas, le service et les services ult\u00e9rieurs seront annul\u00e9s. Aucun remboursement ne sera effectu\u00e9 par Merk Vision au client.<br \/><br \/><\/p><h3><strong>Annulation ou report \u00e0 l&#8217;initiative du client<\/strong><\/h3><p>En cas d&#8217;annulation de commande, tous les paiements partiels et les acomptes sont acquis. Tout report ou annulation sera factur\u00e9 selon les d\u00e9lais suivants : -25% du montant d\u00fb si l&#8217;annulation ou le report intervient moins de 10 jours et plus de 5 jours avant le d\u00e9but de la prestation. -100% du montant d\u00fb si l&#8217;annulation ou le report intervient moins de 5 jours avant le d\u00e9but de la prestation. Si l&#8217;orateur doit se d\u00e9placer, les frais de d\u00e9placement (et d&#8217;h\u00e9bergement si n\u00e9cessaire) sont en sus.<br \/><br \/><\/p><h3><strong>Prix<\/strong><\/h3><p>Les prix de vente des actions de formation varient en fonction de leur nature. Les formations pr\u00e9d\u00e9finies ont des prix fixes quel que soit le nombre de participants. Les prix des formations personnalis\u00e9es sont d\u00e9finis en fonction des modules choisis et du nombre de jours de formation. Les co\u00fbts li\u00e9s aux outils et au mat\u00e9riel p\u00e9dagogique sont inclus dans les prix journaliers indiqu\u00e9s. Les \u00e9ventuels frais de d\u00e9placement et d&#8217;h\u00e9bergement de nos consultants et formateurs sont factur\u00e9s en sus.<br \/><br \/><\/p><h3><strong>Conditions de paiement<\/strong><\/h3><p>Le paiement doit \u00eatre effectu\u00e9 par le client au plus tard dans les quarante-cinq jours \u00e0 compter de la date d&#8217;intervention, sauf d\u00e9lais plus courts ou plus longs sp\u00e9cialement convenus par Merk Vision. Tout retard de paiement peut justifier une interruption des services. En cas de retard de paiement, une p\u00e9nalit\u00e9 \u00e9gale \u00e0 3 fois le taux d&#8217;int\u00e9r\u00eat l\u00e9gal sera exigible (Art. L 441-6, alin\u00e9a 12 du code du commerce). Pour tout professionnel, outre les indemnit\u00e9s de retard, toute somme non pay\u00e9e \u00e0 sa date d&#8217;exigibilit\u00e9 produira de plein droit, le paiement d&#8217;une indemnit\u00e9 forfaitaire de 40 \u20ac en raison des frais de recouvrement (Art. L 441-6, alin\u00e9a 12 du code de commerce). A l&#8217;inverse, tout acompte ne pourra faire l&#8217;objet d&#8217;un escompte conform\u00e9ment \u00e0 la loi n\u00b092.1442 du 31\/12\/92.<\/p><h3><strong>Clause de d\u00e9ch\u00e9ance du terme<\/strong><\/h3><p>Tout d\u00e9lai accord\u00e9 par Merk Vision comporte la clause de d\u00e9ch\u00e9ance du terme. Une seule \u00e9ch\u00e9ance impay\u00e9e rend le solde de la dette imm\u00e9diatement exigible.<br \/><br \/><\/p><h3><strong>Confidentialit\u00e9 et droits de propri\u00e9t\u00e9<\/strong><\/h3><p>Les documents mis \u00e0 la disposition du &#8220;Client&#8221; sont prot\u00e9g\u00e9s par le droit d&#8217;auteur. Tout le mat\u00e9riel p\u00e9dagogique utilis\u00e9 reste la propri\u00e9t\u00e9 exclusive de Merk Vision ou de ses partenaires. En cons\u00e9quence, la reproduction, la diffusion ou la communication au public sans l&#8217;autorisation pr\u00e9alable de Merk Vision est constitutive de contrefa\u00e7on et passible des sanctions qui y sont attach\u00e9es. Loi et attribution de comp\u00e9tence Les pr\u00e9sentes conditions de vente sont soumises \u00e0 la loi fran\u00e7aise. En cas de litige, comp\u00e9tence sera express\u00e9ment attribu\u00e9e au tribunal de Nanterre, nonobstant pluralit\u00e9 de d\u00e9fendeurs ou appel en garantie. En outre, une p\u00e9nalit\u00e9 de 15% du montant TTC de la facture sera due.<\/p><p>Nom de l&#8217;entreprise : Merk Vision (SARL)<br \/>SIRET : 515 108 702 00025<br \/>adresse : 9 rue Avice, Sevres, 92310<\/p><p>Fait \u00e0 S\u00e8vres, le 24.11.2023<\/p>\t\t\t\t\t\t\t\t<\/div>\n\t\t\t\t<\/div>\n\t\t\t\t\t<\/div>\n\t\t\t\t<\/div>\n\t\t\t\t<\/div>\n\t\t\t\t\t<\/div>\n\t\t\t\t<\/div>\n\t\t<div class=\"elementor-element elementor-element-3730a97 e-con-full e-flex e-con e-parent\" data-id=\"3730a97\" data-element_type=\"container\" data-e-type=\"container\">\n\t\t\t\t<div class=\"elementor-element elementor-element-ad65f17 elementor-widget elementor-widget-template\" data-id=\"ad65f17\" data-element_type=\"widget\" data-e-type=\"widget\" data-widget_type=\"template.default\">\n\t\t\t\t<div class=\"elementor-widget-container\">\n\t\t\t\t\t\t\t<div class=\"elementor-template\">\n\t\t\t\t\t<div data-elementor-type=\"container\" data-elementor-id=\"9819\" class=\"elementor elementor-9819 elementor-2608 elementor-2608\" data-elementor-post-type=\"elementor_library\">\n\t\t\t\t<div class=\"elementor-element elementor-element-6a0cdc87 e-con-full e-flex e-con e-parent\" data-id=\"6a0cdc87\" data-element_type=\"container\" data-e-type=\"container\" data-settings=\"{&quot;background_background&quot;:&quot;classic&quot;}\">\n\t\t<div class=\"elementor-element elementor-element-0146d0f e-flex e-con-boxed e-con e-child\" data-id=\"0146d0f\" data-element_type=\"container\" data-e-type=\"container\">\n\t\t\t\t\t<div class=\"e-con-inner\">\n\t\t\t\t<div class=\"elementor-element elementor-element-61c9300a elementor-widget elementor-widget-heading\" data-id=\"61c9300a\" data-element_type=\"widget\" data-e-type=\"widget\" data-widget_type=\"heading.default\">\n\t\t\t\t<div class=\"elementor-widget-container\">\n\t\t\t\t\t<h3 class=\"elementor-heading-title elementor-size-default\">Souhaitez-vous<br><span style=\"color:#CC3631\">plus d'informations ?<\/span><\/h3>\t\t\t\t<\/div>\n\t\t\t\t<\/div>\n\t\t\t\t<div class=\"elementor-element elementor-element-716e19e5 elementor-widget elementor-widget-heading\" data-id=\"716e19e5\" data-element_type=\"widget\" data-e-type=\"widget\" data-widget_type=\"heading.default\">\n\t\t\t\t<div class=\"elementor-widget-container\">\n\t\t\t\t\t<p class=\"elementor-heading-title elementor-size-default\">SUIVEZ MICHAELA POUR \u00caTRE TOUJOURS AU COURANT DE SON ACTUALITE !<\/p>\t\t\t\t<\/div>\n\t\t\t\t<\/div>\n\t\t\t\t<div class=\"elementor-element elementor-element-37444166 elementor-align-left elementor-widescreen-align-left elementor-mobile-align-left elementor-widget elementor-widget-button\" data-id=\"37444166\" data-element_type=\"widget\" data-e-type=\"widget\" data-widget_type=\"button.default\">\n\t\t\t\t<div class=\"elementor-widget-container\">\n\t\t\t\t\t\t\t\t\t<div class=\"elementor-button-wrapper\">\n\t\t\t\t\t<a class=\"elementor-button elementor-button-link elementor-size-sm\" href=\"https:\/\/michaela-merk.com\/fr\/contact\/\">\n\t\t\t\t\t\t<span class=\"elementor-button-content-wrapper\">\n\t\t\t\t\t\t\t\t\t<span class=\"elementor-button-text\">Contact<\/span>\n\t\t\t\t\t<\/span>\n\t\t\t\t\t<\/a>\n\t\t\t\t<\/div>\n\t\t\t\t\t\t\t\t<\/div>\n\t\t\t\t<\/div>\n\t\t\t\t\t<\/div>\n\t\t\t\t<\/div>\n\t\t\t\t<\/div>\n\t\t\t\t<\/div>\n\t\t\t\t<\/div>\n\t\t\t\t\t\t<\/div>\n\t\t\t\t<\/div>\n\t\t\t\t<\/div>\n\t\t\t\t<\/div>\n\t\t","protected":false},"excerpt":{"rendered":"<p>Pr\u00e9ambule Les pr\u00e9sentes conditions g\u00e9n\u00e9rales de vente s&#8217;appliquent aux services et aux prestations annexes fournis par la soci\u00e9t\u00e9 Merk Vision. A d\u00e9faut de contrat \u00e9crit sign\u00e9 par les deux parties, ces conditions constituent le seul accord entre elles relatif \u00e0 l&#8217;objet de la commande et pr\u00e9valent sur tout autre document. Dans l&#8217;hypoth\u00e8se o\u00f9 l&#8217;une des [&hellip;]<\/p>\n","protected":false},"author":4,"featured_media":9343,"parent":0,"menu_order":10,"comment_status":"closed","ping_status":"closed","template":"","meta":{"footnotes":""},"class_list":["post-10223","page","type-page","status-publish","has-post-thumbnail","hentry"],"_links":{"self":[{"href":"https:\/\/michaela-merk.com\/fr\/wp-json\/wp\/v2\/pages\/10223","targetHints":{"allow":["GET"]}}],"collection":[{"href":"https:\/\/michaela-merk.com\/fr\/wp-json\/wp\/v2\/pages"}],"about":[{"href":"https:\/\/michaela-merk.com\/fr\/wp-json\/wp\/v2\/types\/page"}],"author":[{"embeddable":true,"href":"https:\/\/michaela-merk.com\/fr\/wp-json\/wp\/v2\/users\/4"}],"replies":[{"embeddable":true,"href":"https:\/\/michaela-merk.com\/fr\/wp-json\/wp\/v2\/comments?post=10223"}],"version-history":[{"count":4,"href":"https:\/\/michaela-merk.com\/fr\/wp-json\/wp\/v2\/pages\/10223\/revisions"}],"predecessor-version":[{"id":10227,"href":"https:\/\/michaela-merk.com\/fr\/wp-json\/wp\/v2\/pages\/10223\/revisions\/10227"}],"wp:featuredmedia":[{"embeddable":true,"href":"https:\/\/michaela-merk.com\/fr\/wp-json\/wp\/v2\/media\/9343"}],"wp:attachment":[{"href":"https:\/\/michaela-merk.com\/fr\/wp-json\/wp\/v2\/media?parent=10223"}],"curies":[{"name":"wp","href":"https:\/\/api.w.org\/{rel}","templated":true}]}}