{"id":10228,"date":"2023-10-12T05:10:40","date_gmt":"2023-10-12T05:10:40","guid":{"rendered":"https:\/\/michaela-merk.com\/?page_id=10228"},"modified":"2025-02-20T13:59:50","modified_gmt":"2025-02-20T13:59:50","slug":"terms-conditions","status":"publish","type":"page","link":"https:\/\/michaela-merk.com\/de\/terms-conditions\/","title":{"rendered":"Bedingungen und Konditionen"},"content":{"rendered":"\t\t<div data-elementor-type=\"wp-page\" data-elementor-id=\"10228\" class=\"elementor elementor-10228 elementor-536\" data-elementor-post-type=\"page\">\n\t\t\t\t<div class=\"elementor-element elementor-element-76a0393 e-flex e-con-boxed e-con e-parent\" data-id=\"76a0393\" data-element_type=\"container\" data-e-type=\"container\" data-settings=\"{&quot;background_background&quot;:&quot;classic&quot;}\">\n\t\t\t\t\t<div class=\"e-con-inner\">\n\t\t<div class=\"elementor-element elementor-element-70f4b8f e-con-full e-flex e-con e-child\" data-id=\"70f4b8f\" data-element_type=\"container\" data-e-type=\"container\">\n\t\t<div class=\"elementor-element elementor-element-d66033a e-con-full e-flex e-con e-child\" data-id=\"d66033a\" data-element_type=\"container\" data-e-type=\"container\">\n\t\t\t\t<\/div>\n\t\t\t\t<\/div>\n\t\t\t\t\t<\/div>\n\t\t\t\t<\/div>\n\t\t<div class=\"elementor-element elementor-element-d4b8457 e-flex e-con-boxed e-con e-parent\" data-id=\"d4b8457\" data-element_type=\"container\" data-e-type=\"container\" data-settings=\"{&quot;background_background&quot;:&quot;classic&quot;}\">\n\t\t\t\t\t<div class=\"e-con-inner\">\n\t\t<div class=\"elementor-element elementor-element-eb52579 e-con-full e-flex e-con e-child\" data-id=\"eb52579\" data-element_type=\"container\" data-e-type=\"container\">\n\t\t<div class=\"elementor-element elementor-element-aaf6585 e-flex e-con-boxed e-con e-child\" data-id=\"aaf6585\" data-element_type=\"container\" data-e-type=\"container\">\n\t\t\t\t\t<div class=\"e-con-inner\">\n\t\t\t\t<div class=\"elementor-element elementor-element-c414d3a elementor-widget elementor-widget-text-editor\" data-id=\"c414d3a\" data-element_type=\"widget\" data-e-type=\"widget\" data-widget_type=\"text-editor.default\">\n\t\t\t\t<div class=\"elementor-widget-container\">\n\t\t\t\t\t\t\t\t\t<h3><strong>Pr\u00e4ambel<\/strong><\/h3><p>Die vorliegenden allgemeinen Verkaufsbedingungen gelten f\u00fcr die von der Firma Merk Vision erbrachten Dienstleistungen und die beigef\u00fcgten Dienstleistungen. In Ermangelung eines von beiden Parteien unterzeichneten schriftlichen Vertrags stellen diese Bedingungen die einzige Vereinbarung zwischen ihnen in Bezug auf den Auftragsgegenstand dar und haben Vorrang vor allen anderen Dokumenten. Sollte eine der vorliegenden Bestimmungen als nichtig oder ungeschrieben gelten oder erkl\u00e4rt werden, so bleiben die anderen Bestimmungen in vollem Umfang in Kraft.<\/p><h3><strong>Annullierung und Verschiebung auf Initiative von merk vision<\/strong><\/h3><p>Stornierung oder Verschiebung durch Merk Vision beh\u00e4lt sich das Recht vor, eine Dienstleistung zu verschieben oder zu stornieren. Merk Vision informiert den Kunden so schnell wie m\u00f6glich. Es wird keine Entsch\u00e4digung an den Kunden gezahlt wegen einer Verschiebung oder einer von Merk Vision initiierten. Merk Vision hat das Recht, ein Coaching oder ein 1:1-Gespr\u00e4ch abzubrechen, wenn der Kunde w\u00e4hrend des Coachings oder des Gespr\u00e4chs Schimpfw\u00f6rter benutzt, die Privatsph\u00e4re der Merk Vision-Mitarbeiter verletzt oder gegen die Sitten verst\u00f6\u00dft. In diesem Fall werden die Dienstleistung und nachfolgende Dienstleistungen storniert. Es erfolgt keine R\u00fcckerstattung durch Merk Vision an den Kunden.<br \/><br \/><\/p><h3><strong>Stornierung oder Verschiebung auf Veranlassung des Kunden<\/strong><\/h3><p>Im Falle einer Stornierung der Bestellung werden alle Teilzahlungen und Anzahlungen zur\u00fcckerhalten. Jede Verschiebung oder Stornierung wird nach den folgenden Fristen in Rechnung gestellt werden: -25% des geschuldeten Betrags, wenn die Stornierung oder Verschiebung weniger als 10 Tage und mehr als 5 Tage vor Beginn der Dienstleistung erfolgt. -100% des geschuldeten Betrags, wenn die Stornierung oder Verschiebung weniger als 5 Tage vor Beginn der Dienstleistung erfolgt. Wenn ein Redner reisen muss, werden die Reisekosten (und gegebenenfalls die Unterkunft) extra berechnet.<br \/><br \/><\/p><h3><strong>Preise<\/strong><\/h3><p>Die Verkaufspreise der Fortbildungsma\u00dfnahmen variieren je nach ihrer Art. F\u00fcr vordefinierte Schulungen gelten feste Preise, unabh\u00e4ngig von der Anzahl der Teilnehmer. Die Preise f\u00fcr ma\u00dfgeschneiderte Schulungen werden je nach den gew\u00e4hlten Modulen und der Anzahl der Schulungstage festgelegt. Die Kosten f\u00fcr die Hilfsmittel und das Lehrmaterial sind in den angegebenen Tagespreisen enthalten. Etwaige Reise- und Unterbringungskosten f\u00fcr unsere Berater und Ausbilder werden zus\u00e4tzlich in Rechnung gestellt.<br \/><br \/><\/p><h3><strong>Zahlungsbedingungen<\/strong><\/h3><p>Die Zahlung muss durch den Kunden sp\u00e4testens innerhalb von f\u00fcnfundvierzig Tagen ab dem Datum der Intervention erfolgen, ausgenommen k\u00fcrzere oder l\u00e4ngere Fristen, die von Merk Vision speziell vereinbart wurden. Jeder Zahlungsverzug kann eine Unterbrechung der Dienstleistungen rechtfertigen. Im Falle eines Zahlungsverzugs kommt eine Strafe in H\u00f6he des 3-fachen des gesetzlichen Zinssatzes in Betracht (Art. L 441-6, Absatz 12 des Handelsgesetzbuchs). F\u00fcr jeden Fachmann, zus\u00e4tzlich zu den Verzugsentsch\u00e4digungen, wird jede Summe, die nicht an ihrem Verfallsdatum gezahlt wurde, von Rechts wegen die Zahlung einer Pauschalentsch\u00e4digung von 40 \u20ac wegen der Wiederherstellungskosten hervorrufen (Art. Umgekehrt wird jede Vorauszahlung nicht Gegenstand von Skonto gem\u00e4\u00df dem Gesetz n\u00b092.1442 vom 31\/12\/92 sein.<\/p><h3><strong>Klausel der Verwirkung der Frist<\/strong><\/h3><p>Jede von Merk Vision gesetzte Frist beinhaltet die Klausel des Verfalls der Frist. Ein einziges unbezahltes F\u00e4lligkeitsdatum macht den Saldo der Schuld sofort f\u00e4llig.<br \/><br \/><\/p><h3><strong>Vertraulichkeit und Eigentumsrechte<\/strong><\/h3><p>Die dem &#8220;Kunden&#8221; zur Verf\u00fcgung gestellten Unterlagen sind durch das Urheberrecht gesch\u00fctzt. Das gesamte verwendete Lehrmaterial bleibt das alleinige Eigentum von Merk Vision oder seinen Partnern. Folglich ist die Vervielf\u00e4ltigung, die Verbreitung oder die \u00f6ffentliche Mitteilung ohne die vorherige Genehmigung von Merk Vision eine F\u00e4lschung und unterliegt den damit verbundenen Sanktionen. Recht und Kompetenzzuweisung Die vorliegenden Verkaufsbedingungen unterliegen dem franz\u00f6sischen Recht. Im Falle eines Rechtsstreits wird die Zust\u00e4ndigkeit ausdr\u00fccklich dem Gericht von Nanterre zugewiesen, ungeachtet der Mehrzahl der Beklagten oder der Berufung in Garantie. Dar\u00fcber hinaus wird eine Vertragsstrafe in H\u00f6he von 15% des Rechnungsbetrags einschlie\u00dflich Mehrwertsteuer f\u00e4llig.<\/p><p>Name des Unternehmens: Merk Vision (SARL)<br \/>SIRET: 515 108 702 00025<br \/>Adresse: 9 rue Avice, sevres, 92310<\/p><p>Geschehen zu S\u00e8vres am 24.11.2023<\/p>\t\t\t\t\t\t\t\t<\/div>\n\t\t\t\t<\/div>\n\t\t\t\t\t<\/div>\n\t\t\t\t<\/div>\n\t\t\t\t<\/div>\n\t\t\t\t\t<\/div>\n\t\t\t\t<\/div>\n\t\t<div class=\"elementor-element elementor-element-3730a97 e-con-full e-flex e-con e-parent\" data-id=\"3730a97\" data-element_type=\"container\" data-e-type=\"container\">\n\t\t\t\t<div class=\"elementor-element elementor-element-ad65f17 elementor-widget elementor-widget-template\" data-id=\"ad65f17\" data-element_type=\"widget\" data-e-type=\"widget\" data-widget_type=\"template.default\">\n\t\t\t\t<div class=\"elementor-widget-container\">\n\t\t\t\t\t\t\t<div class=\"elementor-template\">\n\t\t\t\t\t<div data-elementor-type=\"container\" data-elementor-id=\"9962\" class=\"elementor elementor-9962 elementor-2608 elementor-2608\" data-elementor-post-type=\"elementor_library\">\n\t\t\t\t<div class=\"elementor-element elementor-element-6a0cdc87 e-con-full e-flex e-con e-parent\" data-id=\"6a0cdc87\" data-element_type=\"container\" data-e-type=\"container\" data-settings=\"{&quot;background_background&quot;:&quot;classic&quot;}\">\n\t\t<div class=\"elementor-element elementor-element-0146d0f e-flex e-con-boxed e-con e-child\" data-id=\"0146d0f\" data-element_type=\"container\" data-e-type=\"container\">\n\t\t\t\t\t<div class=\"e-con-inner\">\n\t\t\t\t<div class=\"elementor-element elementor-element-61c9300a elementor-widget elementor-widget-heading\" data-id=\"61c9300a\" data-element_type=\"widget\" data-e-type=\"widget\" data-widget_type=\"heading.default\">\n\t\t\t\t<div class=\"elementor-widget-container\">\n\t\t\t\t\t<h3 class=\"elementor-heading-title elementor-size-default\">WOLLEN SIE<br><span style=\"color:#CC3631\">mehr Informationen?<\/span><\/h3>\t\t\t\t<\/div>\n\t\t\t\t<\/div>\n\t\t\t\t<div class=\"elementor-element elementor-element-716e19e5 elementor-widget elementor-widget-heading\" data-id=\"716e19e5\" data-element_type=\"widget\" data-e-type=\"widget\" data-widget_type=\"heading.default\">\n\t\t\t\t<div class=\"elementor-widget-container\">\n\t\t\t\t\t<p class=\"elementor-heading-title elementor-size-default\">FOLGEN SIE MICHAELA<\/p>\t\t\t\t<\/div>\n\t\t\t\t<\/div>\n\t\t\t\t<div class=\"elementor-element elementor-element-37444166 elementor-align-left elementor-widescreen-align-left elementor-mobile-align-left elementor-widget elementor-widget-button\" data-id=\"37444166\" data-element_type=\"widget\" data-e-type=\"widget\" data-widget_type=\"button.default\">\n\t\t\t\t<div class=\"elementor-widget-container\">\n\t\t\t\t\t\t\t\t\t<div class=\"elementor-button-wrapper\">\n\t\t\t\t\t<a class=\"elementor-button elementor-button-link elementor-size-sm\" href=\"https:\/\/michaela-merk.com\/de\/contact\/\">\n\t\t\t\t\t\t<span class=\"elementor-button-content-wrapper\">\n\t\t\t\t\t\t\t\t\t<span class=\"elementor-button-text\">Kontakt<\/span>\n\t\t\t\t\t<\/span>\n\t\t\t\t\t<\/a>\n\t\t\t\t<\/div>\n\t\t\t\t\t\t\t\t<\/div>\n\t\t\t\t<\/div>\n\t\t\t\t\t<\/div>\n\t\t\t\t<\/div>\n\t\t\t\t<\/div>\n\t\t\t\t<\/div>\n\t\t\t\t<\/div>\n\t\t\t\t\t\t<\/div>\n\t\t\t\t<\/div>\n\t\t\t\t<\/div>\n\t\t\t\t<\/div>\n\t\t","protected":false},"excerpt":{"rendered":"<p>Pr\u00e4ambel Die vorliegenden allgemeinen Verkaufsbedingungen gelten f\u00fcr die von der Firma Merk Vision erbrachten Dienstleistungen und die beigef\u00fcgten Dienstleistungen. In Ermangelung eines von beiden Parteien unterzeichneten schriftlichen Vertrags stellen diese Bedingungen die einzige Vereinbarung zwischen ihnen in Bezug auf den Auftragsgegenstand dar und haben Vorrang vor allen anderen Dokumenten. Sollte eine der vorliegenden Bestimmungen als [&hellip;]<\/p>\n","protected":false},"author":4,"featured_media":9344,"parent":0,"menu_order":10,"comment_status":"closed","ping_status":"closed","template":"","meta":{"footnotes":""},"class_list":["post-10228","page","type-page","status-publish","has-post-thumbnail","hentry"],"_links":{"self":[{"href":"https:\/\/michaela-merk.com\/de\/wp-json\/wp\/v2\/pages\/10228","targetHints":{"allow":["GET"]}}],"collection":[{"href":"https:\/\/michaela-merk.com\/de\/wp-json\/wp\/v2\/pages"}],"about":[{"href":"https:\/\/michaela-merk.com\/de\/wp-json\/wp\/v2\/types\/page"}],"author":[{"embeddable":true,"href":"https:\/\/michaela-merk.com\/de\/wp-json\/wp\/v2\/users\/4"}],"replies":[{"embeddable":true,"href":"https:\/\/michaela-merk.com\/de\/wp-json\/wp\/v2\/comments?post=10228"}],"version-history":[{"count":4,"href":"https:\/\/michaela-merk.com\/de\/wp-json\/wp\/v2\/pages\/10228\/revisions"}],"predecessor-version":[{"id":10232,"href":"https:\/\/michaela-merk.com\/de\/wp-json\/wp\/v2\/pages\/10228\/revisions\/10232"}],"wp:featuredmedia":[{"embeddable":true,"href":"https:\/\/michaela-merk.com\/de\/wp-json\/wp\/v2\/media\/9344"}],"wp:attachment":[{"href":"https:\/\/michaela-merk.com\/de\/wp-json\/wp\/v2\/media?parent=10228"}],"curies":[{"name":"wp","href":"https:\/\/api.w.org\/{rel}","templated":true}]}}